{"id":44477,"date":"2024-07-05T18:32:29","date_gmt":"2024-07-05T16:32:29","guid":{"rendered":"https:\/\/proprieta-immobiliare.com\/?page_id=44477"},"modified":"2024-08-12T20:03:28","modified_gmt":"2024-08-12T18:03:28","slug":"blog","status":"publish","type":"page","link":"https:\/\/proprieta-immobiliare.com\/de\/blog\/","title":{"rendered":"Blog"},"content":{"rendered":"<div data-elementor-type=\"wp-page\" data-elementor-id=\"44477\" class=\"elementor elementor-44477\" data-elementor-post-type=\"page\">\n\t\t\t\t<div class=\"elementor-element elementor-element-e684cfe e-flex e-con-boxed e-con e-parent\" data-id=\"e684cfe\" data-element_type=\"container\" data-e-type=\"container\" data-settings=\"{&quot;background_background&quot;:&quot;classic&quot;}\">\n\t\t\t\t\t<div class=\"e-con-inner\">\n\t\t\t\t<div class=\"elementor-element elementor-element-e940a28 elementor-widget elementor-widget-houzez_elementor_blog_posts\" data-id=\"e940a28\" data-element_type=\"widget\" data-e-type=\"widget\" data-widget_type=\"houzez_elementor_blog_posts.default\">\n\t\t\t\t<div class=\"elementor-widget-container\">\n\t\t\t\t\t\n        <div class=\"blog-posts-module blog-posts-module-v1\">\n            <div class=\"row row-cols-1 row-cols-md-2 row-cols-lg-3 row-cols-xl-4 g-3\">\n                <div class=\"blog-post-item-wrap\">\n\t<div id=\"post-44471\" class=\"blog-post-item blog-post-item-v1 mb-3 post-44471 post type-post status-publish format-standard has-post-thumbnail hentry category-agevolazioni\">\n\t\t\n\t\t\t\t<div class=\"blog-post-thumb\">\n\t\t\t<a href=\"https:\/\/proprieta-immobiliare.com\/de\/agevolazioni-acquisto-prima-casa-under-36\/\" class=\"hover-effect image-wrap\">\n\t\t\t\t<img fetchpriority=\"high\" decoding=\"async\" width=\"1200\" height=\"800\" src=\"https:\/\/proprieta-immobiliare.com\/wp-content\/uploads\/2024\/07\/FOTO-BLOG-PRIMA-CASA-1.png\" class=\"img-fluid wp-post-image\" alt=\"\" srcset=\"https:\/\/proprieta-immobiliare.com\/wp-content\/uploads\/2024\/07\/FOTO-BLOG-PRIMA-CASA-1.png 1200w, https:\/\/proprieta-immobiliare.com\/wp-content\/uploads\/2024\/07\/FOTO-BLOG-PRIMA-CASA-1-300x200.png 300w, https:\/\/proprieta-immobiliare.com\/wp-content\/uploads\/2024\/07\/FOTO-BLOG-PRIMA-CASA-1-1024x683.png 1024w, https:\/\/proprieta-immobiliare.com\/wp-content\/uploads\/2024\/07\/FOTO-BLOG-PRIMA-CASA-1-768x512.png 768w, https:\/\/proprieta-immobiliare.com\/wp-content\/uploads\/2024\/07\/FOTO-BLOG-PRIMA-CASA-1-18x12.png 18w, https:\/\/proprieta-immobiliare.com\/wp-content\/uploads\/2024\/07\/FOTO-BLOG-PRIMA-CASA-1-900x600.png 900w, https:\/\/proprieta-immobiliare.com\/wp-content\/uploads\/2024\/07\/FOTO-BLOG-PRIMA-CASA-1-496x331.png 496w\" sizes=\"(max-width: 1200px) 100vw, 1200px\" \/>\t\t\t<\/a>\n\t\t<\/div><!-- blog-post-thumb -->\n\t\t\n\t\t<div class=\"blog-post-content-wrap\">\n\t\t\t<div class=\"blog-post-meta small\">\n\t\t\t\t<ul class=\"list-inline d-flex align-items-center mb-1\">\n\t\t\t\t\t\t\t\t\t\t<li class=\"list-inline-item\">\n\t\t\t\t\t\t<time datetime=\"5 Juli 2024\"><i class=\"houzez-icon icon-calendar-3 me-1\"><\/i> 5. Juli 2024<\/time>\n\t\t\t\t\t<\/li>\n\t\t\t\t\t\n\t\t\t\t\t\t\t\t\t\t<li class=\"list-inline-item\">\n\t\t\t\t\t\t<i class=\"houzez-icon icon-tags me-1\"><\/i> <a href=\"https:\/\/proprieta-immobiliare.com\/de\/category\/agevolazioni\/\" rel=\"category tag\">Einrichtungen<\/a>\t\t\t\t\t<\/li>\n\t\t\t\t\t\n\t\t\t\t<\/ul>\n\t\t\t<\/div><!-- blog-post-meta -->\n\t\t\t<div class=\"blog-post-title\">\n\t\t\t\t<h3 class=\"mb-1\"><a href=\"https:\/\/proprieta-immobiliare.com\/de\/agevolazioni-acquisto-prima-casa-under-36\/\">Unter 36 Erleichterungen beim Erwerb von Wohneigentum<\/a><\/h3>\n\t\t\t<\/div><!-- blog-post-title -->\n\t\t\t<div class=\"blog-post-body mb-1\">\n\t\t\t\tDer Erstwohnungsbonus f\u00fcr unter 36-J\u00e4hrige wurde bis zum 31. Dezember 2024 verl\u00e4ngert Der Erstwohnungsbonus...\t\t\t<\/div><!-- blog-post-body -->\n\t\t\t<div class=\"blog-post-link small\">\n\t\t\t\t<a href=\"https:\/\/proprieta-immobiliare.com\/de\/agevolazioni-acquisto-prima-casa-under-36\/\">Continue reading<\/a>\n\t\t\t<\/div><!-- blog-post-link -->\n\t\t<\/div><!-- blog-post-content-wrap -->\n\t\t\t<\/div><!-- blog-post-item -->\n<\/div><!-- blog-post-item-wrap -->            <\/div>\n        <\/div>\n\n        \t\t\t\t<\/div>\n\t\t\t\t<\/div>\n\t\t\t\t\t<\/div>\n\t\t\t\t<\/div>\n\t\t\t\t<\/div>","protected":false},"excerpt":{"rendered":"<p>5 Luglio 2024 Agevolazioni Agevolazioni acquisto &#8220;Prima Casa Under 36&#8221; Il bonus prima casa under 36 \u00e8 stato prorogato fino al 31 dicembre 2024 Il bonus prima casa&#8230;<\/p>","protected":false},"author":1,"featured_media":44465,"parent":0,"menu_order":0,"comment_status":"closed","ping_status":"closed","template":"elementor_header_footer","meta":{"footnotes":""},"class_list":["post-44477","page","type-page","status-publish","has-post-thumbnail","hentry"],"aioseo_notices":[],"_links":{"self":[{"href":"https:\/\/proprieta-immobiliare.com\/de\/wp-json\/wp\/v2\/pages\/44477","targetHints":{"allow":["GET"]}}],"collection":[{"href":"https:\/\/proprieta-immobiliare.com\/de\/wp-json\/wp\/v2\/pages"}],"about":[{"href":"https:\/\/proprieta-immobiliare.com\/de\/wp-json\/wp\/v2\/types\/page"}],"author":[{"embeddable":true,"href":"https:\/\/proprieta-immobiliare.com\/de\/wp-json\/wp\/v2\/users\/1"}],"replies":[{"embeddable":true,"href":"https:\/\/proprieta-immobiliare.com\/de\/wp-json\/wp\/v2\/comments?post=44477"}],"version-history":[{"count":3,"href":"https:\/\/proprieta-immobiliare.com\/de\/wp-json\/wp\/v2\/pages\/44477\/revisions"}],"predecessor-version":[{"id":45601,"href":"https:\/\/proprieta-immobiliare.com\/de\/wp-json\/wp\/v2\/pages\/44477\/revisions\/45601"}],"wp:featuredmedia":[{"embeddable":true,"href":"https:\/\/proprieta-immobiliare.com\/de\/wp-json\/wp\/v2\/media\/44465"}],"wp:attachment":[{"href":"https:\/\/proprieta-immobiliare.com\/de\/wp-json\/wp\/v2\/media?parent=44477"}],"curies":[{"name":"wp","href":"https:\/\/api.w.org\/{rel}","templated":true}]}}