{"id":46368,"date":"2024-10-01T19:28:41","date_gmt":"2024-10-01T17:28:41","guid":{"rendered":"https:\/\/proprieta-immobiliare.com\/?page_id=46368"},"modified":"2026-02-04T16:10:40","modified_gmt":"2026-02-04T15:10:40","slug":"about","status":"publish","type":"page","link":"https:\/\/proprieta-immobiliare.com\/fr\/about\/","title":{"rendered":"A propos de"},"content":{"rendered":"<div data-elementor-type=\"wp-page\" data-elementor-id=\"46368\" class=\"elementor elementor-46368\" data-elementor-post-type=\"page\">\n\t\t\t\t\t\t<section class=\"elementor-section elementor-top-section elementor-element elementor-element-a80e656 elementor-section-full_width elementor-section-height-min-height elementor-section-height-default elementor-section-items-middle\" data-id=\"a80e656\" data-element_type=\"section\" data-e-type=\"section\" data-settings=\"{&quot;background_background&quot;:&quot;classic&quot;,&quot;shape_divider_bottom_negative&quot;:&quot;yes&quot;,&quot;shape_divider_bottom&quot;:&quot;triangle&quot;}\">\n\t\t\t\t\t\t\t<div class=\"elementor-background-overlay\"><\/div>\n\t\t\t\t\t\t<div class=\"elementor-shape elementor-shape-bottom\" aria-hidden=\"true\" data-negative=\"true\">\n\t\t\t<svg xmlns=\"http:\/\/www.w3.org\/2000\/svg\" viewbox=\"0 0 1000 100\" preserveaspectratio=\"none\">\n\t<path class=\"elementor-shape-fill\" d=\"M500.2,94.7L0,0v100h1000V0L500.2,94.7z\"\/>\n<\/svg>\t\t<\/div>\n\t\t\t\t\t<div class=\"elementor-container elementor-column-gap-no\">\n\t\t\t\t\t<div class=\"elementor-column elementor-col-100 elementor-top-column elementor-element elementor-element-f3cb0c6\" data-id=\"f3cb0c6\" data-element_type=\"column\" data-e-type=\"column\">\n\t\t\t<div class=\"elementor-widget-wrap elementor-element-populated\">\n\t\t\t\t\t\t<div class=\"elementor-element elementor-element-29ddd74 elementor-invisible elementor-widget elementor-widget-heading\" data-id=\"29ddd74\" data-element_type=\"widget\" data-e-type=\"widget\" data-settings=\"{&quot;_animation&quot;:&quot;fadeInUp&quot;}\" data-widget_type=\"heading.default\">\n\t\t\t\t<div class=\"elementor-widget-container\">\n\t\t\t\t\t<h2 class=\"elementor-heading-title elementor-size-default\">Notre histoire<\/h2>\t\t\t\t<\/div>\n\t\t\t\t<\/div>\n\t\t\t\t\t<\/div>\n\t\t<\/div>\n\t\t\t\t\t<\/div>\n\t\t<\/section>\n\t\t<div class=\"elementor-element elementor-element-aecdbba e-flex e-con-boxed e-con e-parent\" data-id=\"aecdbba\" data-element_type=\"container\" data-e-type=\"container\" data-settings=\"{&quot;background_background&quot;:&quot;classic&quot;}\">\n\t\t\t\t\t<div class=\"e-con-inner\">\n\t\t<div class=\"elementor-element elementor-element-633d084 e-con-full e-flex e-con e-child\" data-id=\"633d084\" data-element_type=\"container\" data-e-type=\"container\">\n\t\t\t\t<div class=\"elementor-element elementor-element-fc49519 animated-slow elementor-invisible elementor-widget elementor-widget-heading\" data-id=\"fc49519\" data-element_type=\"widget\" data-e-type=\"widget\" data-settings=\"{&quot;_animation&quot;:&quot;fadeInUp&quot;}\" data-widget_type=\"heading.default\">\n\t\t\t\t<div class=\"elementor-widget-container\">\n\t\t\t\t\t<div class=\"elementor-heading-title elementor-size-default\">Nous<\/div>\t\t\t\t<\/div>\n\t\t\t\t<\/div>\n\t\t\t\t<div class=\"elementor-element elementor-element-9f83ba2 animated-slow elementor-invisible elementor-widget elementor-widget-text-editor\" data-id=\"9f83ba2\" data-element_type=\"widget\" data-e-type=\"widget\" data-settings=\"{&quot;_animation&quot;:&quot;fadeInUp&quot;}\" data-widget_type=\"text-editor.default\">\n\t\t\t\t<div class=\"elementor-widget-container\">\n\t\t\t\t\t\t\t\t\t<p>Le nom \"Propriet\u00e0\" a \u00e9t\u00e9 choisi avec soin et refl\u00e8te l'\u00e9tendue et la diversit\u00e9 de leur portefeuille immobilier : tous les types de biens immobiliers, des appartements aux villas, en passant par les terrains, les locaux commerciaux et les b\u00e2timents industriels.<br \/>L'immobilier est le partenaire id\u00e9al pour ceux qui le souhaitent :<\/p><p>- Vente d'un bien immobilier<br \/>- Achat d'un bien immobilier<br \/>- Investir dans l'immobilier<\/p><p>Propriet\u00e0 Immobiliare se distingue par sa philosophie d'entreprise bas\u00e9e sur des valeurs fondamentales qui en font une r\u00e9f\u00e9rence dans le secteur immobilier :<\/p><p>-Professionnalisme et expertise : l'\u00e9quipe de Real Estate est compos\u00e9e d'agents immobiliers exp\u00e9riment\u00e9s et qualifi\u00e9s qui sont constamment inform\u00e9s des nouveaut\u00e9s et des r\u00e9glementations du secteur.<\/p><p>- Une m\u00e9thode unique : L'agence dispose d'une m\u00e9thode de travail \u00e9prouv\u00e9e et efficace, qui lui permet de r\u00e9pondre au mieux aux besoins de chaque client, qu'il s'agisse de vendre ou d'acheter un bien immobilier.<\/p><p>- Transparence et confiance : la clart\u00e9 et la transparence sont \u00e0 la base de toute relation \u00e9tablie avec les clients, cr\u00e9ant un climat de confiance mutuelle qui est fondamental pour le succ\u00e8s de toute transaction immobili\u00e8re.<\/p><p>- Des r\u00e9sultats concrets : l'objectif premier de Propriet\u00e0 Immobiliare est d'obtenir des r\u00e9sultats concrets et satisfaisants pour ses clients, en les accompagnant \u00e0 chaque \u00e9tape du processus d'achat et de vente avec professionnalisme et d\u00e9vouement.<\/p>\t\t\t\t\t\t\t\t<\/div>\n\t\t\t\t<\/div>\n\t\t\t\t<\/div>\n\t\t<div class=\"elementor-element elementor-element-eecdc13 e-con-full e-flex e-con e-child\" data-id=\"eecdc13\" data-element_type=\"container\" data-e-type=\"container\">\n\t\t<div class=\"elementor-element elementor-element-70d8fd6 e-con-full e-flex e-con e-child\" data-id=\"70d8fd6\" data-element_type=\"container\" data-e-type=\"container\">\n\t\t\t\t<div class=\"elementor-element elementor-element-f8fa298 animated-slow elementor-invisible elementor-widget elementor-widget-image\" data-id=\"f8fa298\" data-element_type=\"widget\" data-e-type=\"widget\" data-settings=\"{&quot;_animation&quot;:&quot;fadeIn&quot;}\" data-widget_type=\"image.default\">\n\t\t\t\t<div class=\"elementor-widget-container\">\n\t\t\t\t\t\t\t\t\t\t\t\t\t\t\t<img fetchpriority=\"high\" decoding=\"async\" width=\"512\" height=\"512\" src=\"https:\/\/proprieta-immobiliare.com\/wp-content\/uploads\/2024\/07\/logo_chiaro_full.png\" class=\"attachment-large size-large wp-image-44244\" alt=\"\" srcset=\"https:\/\/proprieta-immobiliare.com\/wp-content\/uploads\/2024\/07\/logo_chiaro_full.png 512w, https:\/\/proprieta-immobiliare.com\/wp-content\/uploads\/2024\/07\/logo_chiaro_full-300x300.png 300w, https:\/\/proprieta-immobiliare.com\/wp-content\/uploads\/2024\/07\/logo_chiaro_full-150x150.png 150w, https:\/\/proprieta-immobiliare.com\/wp-content\/uploads\/2024\/07\/logo_chiaro_full-496x496.png 496w\" sizes=\"(max-width: 512px) 100vw, 512px\" \/>\t\t\t\t\t\t\t\t\t\t\t\t\t\t\t<\/div>\n\t\t\t\t<\/div>\n\t\t\t\t<div class=\"elementor-element elementor-element-c569608 animated-slow elementor-icon-list--layout-traditional elementor-list-item-link-full_width elementor-invisible elementor-widget elementor-widget-icon-list\" data-id=\"c569608\" data-element_type=\"widget\" data-e-type=\"widget\" data-settings=\"{&quot;_animation&quot;:&quot;fadeInUp&quot;}\" data-widget_type=\"icon-list.default\">\n\t\t\t\t<div class=\"elementor-widget-container\">\n\t\t\t\t\t\t\t<ul class=\"elementor-icon-list-items\">\n\t\t\t\t\t\t\t<li class=\"elementor-icon-list-item\">\n\t\t\t\t\t\t\t\t\t\t\t<span class=\"elementor-icon-list-icon\">\n\t\t\t\t\t\t\t<svg xmlns=\"http:\/\/www.w3.org\/2000\/svg\" viewbox=\"0 0 60 60\"><g transform=\"matrix(2.5,0,0,2.5,0,0)\"><defs fill=\"#00aae8\"><style>.a{fill:none;stroke:#00aae8;stroke-linecap:round;stroke-linejoin:round;stroke-width:1.5px;}<\/style><\/defs><title>style-two-pin-marker<\/title><circle class=\"a\" cx=\"12\" cy=\"9.754\" r=\"4.5\" fill=\"#00aae8\"><\/circle><path class=\"a\" d=\"M21,9.754c0,7.9-6.932,12.331-8.629,13.3a.749.749,0,0,1-.743,0C9.931,22.084,3,17.652,3,9.754a9,9,0,0,1,18,0Z\" fill=\"#00aae8\"><\/path><\/g><\/svg>\t\t\t\t\t\t<\/span>\n\t\t\t\t\t\t\t\t\t\t<span class=\"elementor-icon-list-text\"><a href=\"https:\/\/www.google.com\/maps\/search\/?api=1&amp;query=Via+S.+Giuseppe,+17\/19,+97018+Scicli+RG\" target=\"_blank\">Via S. Giuseppe, 17\/19, 97018 Scicli RG<\/a><\/span>\n\t\t\t\t\t\t\t\t\t<\/li>\n\t\t\t\t\t\t\t\t<li class=\"elementor-icon-list-item\">\n\t\t\t\t\t\t\t\t\t\t\t<a href=\"tel:+39%200932291759\">\n\n\t\t\t\t\t\t\t\t\t\t\t\t<span class=\"elementor-icon-list-icon\">\n\t\t\t\t\t\t\t<svg xmlns=\"http:\/\/www.w3.org\/2000\/svg\" id=\"Regular\" viewbox=\"0 0 60 60\"><g transform=\"matrix(2.5,0,0,2.5,0,0)\"><defs fill=\"#000000\"><style>.cls-1{fill:none;stroke:#00aae8;stroke-linecap:round;stroke-linejoin:round;stroke-width:1.5px;}<\/style><\/defs><title>messaging-whatsapp<\/title><path class=\"cls-1\" d=\"M12,.75A11.22,11.22,0,0,0,.74,11.91a11,11,0,0,0,2.14,6.54L1.48,22.6l4.32-1.37a11.26,11.26,0,0,0,17.44-9.32A11.22,11.22,0,0,0,12,.75m6.07,13.91c-.07-.12-.27-.2-.56-.34s-1.74-.85-2-.95-.47-.15-.66.15-.5.73-.67.92-.34.22-.64.07a9.2,9.2,0,0,1-4.14-3.58c-.17-.29,0-.45.13-.59.49-.49.5-.42.62-.66a.53.53,0,0,0,0-.51C10,9,9.45,7.58,9.2,7s-1.51-.69-2-.15C2,12.33,14.67,21.72,17.91,16a1.41,1.41,0,0,0,.16-1.32\" fill=\"#000000\"><\/path><\/g><\/svg>\t\t\t\t\t\t<\/span>\n\t\t\t\t\t\t\t\t\t\t<span class=\"elementor-icon-list-text\">+39 0932291759<\/span>\n\t\t\t\t\t\t\t\t\t\t\t<\/a>\n\t\t\t\t\t\t\t\t\t<\/li>\n\t\t\t\t\t\t\t\t<li class=\"elementor-icon-list-item\">\n\t\t\t\t\t\t\t\t\t\t\t<a href=\"mailto:info@proprieta-immobiliare.com\">\n\n\t\t\t\t\t\t\t\t\t\t\t\t<span class=\"elementor-icon-list-icon\">\n\t\t\t\t\t\t\t<svg xmlns=\"http:\/\/www.w3.org\/2000\/svg\" viewbox=\"0 0 60 60\"><g transform=\"matrix(2.5,0,0,2.5,0,0)\"><defs fill=\"#000000\"><style>.a{fill:none;stroke:#00aae8;stroke-linecap:round;stroke-linejoin:round;stroke-width:1.5px;}<\/style><\/defs><title>read-email-at<\/title><path class=\"a\" d=\"M17.25,12A5.25,5.25,0,1,1,12,6.75,5.25,5.25,0,0,1,17.25,12Z\" fill=\"#000000\"><\/path><path class=\"a\" d=\"M17.25,12v2.25a3,3,0,0,0,6,0V12a11.249,11.249,0,1,0-4.5,9\" fill=\"#000000\"><\/path><\/g><\/svg>\t\t\t\t\t\t<\/span>\n\t\t\t\t\t\t\t\t\t\t<span class=\"elementor-icon-list-text\">info@proprieta-immobiliare.com<\/span>\n\t\t\t\t\t\t\t\t\t\t\t<\/a>\n\t\t\t\t\t\t\t\t\t<\/li>\n\t\t\t\t\t\t<\/ul>\n\t\t\t\t\t\t<\/div>\n\t\t\t\t<\/div>\n\t\t\t\t<\/div>\n\t\t\t\t<\/div>\n\t\t\t\t\t<\/div>\n\t\t\t\t<\/div>\n\t\t\t\t<section class=\"elementor-section elementor-top-section elementor-element elementor-element-cb8f0b9 elementor-section-height-min-height elementor-section-boxed elementor-section-height-default elementor-section-items-middle\" data-id=\"cb8f0b9\" data-element_type=\"section\" data-e-type=\"section\" data-settings=\"{&quot;background_background&quot;:&quot;classic&quot;}\">\n\t\t\t\t\t\t\t<div class=\"elementor-background-overlay\"><\/div>\n\t\t\t\t\t\t\t<div class=\"elementor-container elementor-column-gap-default\">\n\t\t\t\t\t<div class=\"elementor-column elementor-col-100 elementor-top-column elementor-element elementor-element-18cd7c1\" data-id=\"18cd7c1\" data-element_type=\"column\" data-e-type=\"column\">\n\t\t\t<div class=\"elementor-widget-wrap elementor-element-populated\">\n\t\t\t\t\t\t<section class=\"elementor-section elementor-inner-section elementor-element elementor-element-f6ee424 elementor-section-boxed elementor-section-height-default elementor-section-height-default\" data-id=\"f6ee424\" data-element_type=\"section\" data-e-type=\"section\">\n\t\t\t\t\t\t<div class=\"elementor-container elementor-column-gap-default\">\n\t\t\t\t\t<div class=\"elementor-column elementor-col-100 elementor-inner-column elementor-element elementor-element-96e7d8f\" data-id=\"96e7d8f\" data-element_type=\"column\" data-e-type=\"column\">\n\t\t\t<div class=\"elementor-widget-wrap elementor-element-populated\">\n\t\t\t\t\t\t<div class=\"elementor-element elementor-element-25defa8 animated-slow elementor-invisible elementor-widget elementor-widget-heading\" data-id=\"25defa8\" data-element_type=\"widget\" data-e-type=\"widget\" data-settings=\"{&quot;_animation&quot;:&quot;fadeInUp&quot;}\" data-widget_type=\"heading.default\">\n\t\t\t\t<div class=\"elementor-widget-container\">\n\t\t\t\t\t<h2 class=\"elementor-heading-title elementor-size-default\">VISITEZ-NOUS SUR NOS M\u00c9DIAS SOCIAUX<\/h2>\t\t\t\t<\/div>\n\t\t\t\t<\/div>\n\t\t\t\t\t<\/div>\n\t\t<\/div>\n\t\t\t\t\t<\/div>\n\t\t<\/section>\n\t\t\t\t<div class=\"elementor-element elementor-element-dcee9ed elementor-shape-circle elementor-grid-0 e-grid-align-center elementor-invisible elementor-widget elementor-widget-social-icons\" data-id=\"dcee9ed\" data-element_type=\"widget\" data-e-type=\"widget\" data-settings=\"{&quot;_animation&quot;:&quot;fadeInUp&quot;}\" data-widget_type=\"social-icons.default\">\n\t\t\t\t<div class=\"elementor-widget-container\">\n\t\t\t\t\t\t\t<div class=\"elementor-social-icons-wrapper elementor-grid\">\n\t\t\t\t\t\t\t<span class=\"elementor-grid-item\">\n\t\t\t\t\t<a class=\"elementor-icon elementor-social-icon elementor-social-icon-facebook-f elementor-repeater-item-0e3d5fc\" href=\"https:\/\/www.facebook.com\/profile.php?id=61555499792491\" target=\"_blank\">\n\t\t\t\t\t\t<span class=\"elementor-screen-only\">Facebook-f<\/span>\n\t\t\t\t\t\t<svg aria-hidden=\"true\" class=\"e-font-icon-svg e-fab-facebook-f\" viewbox=\"0 0 320 512\" xmlns=\"http:\/\/www.w3.org\/2000\/svg\"><path d=\"M279.14 288l14.22-92.66h-88.91v-60.13c0-25.35 12.42-50.06 52.24-50.06h40.42V6.26S260.43 0 225.36 0c-73.22 0-121.08 44.38-121.08 124.72v70.62H22.89V288h81.39v224h100.17V288z\"><\/path><\/svg>\t\t\t\t\t<\/a>\n\t\t\t\t<\/span>\n\t\t\t\t\t<\/div>\n\t\t\t\t\t\t<\/div>\n\t\t\t\t<\/div>\n\t\t\t\t\t<\/div>\n\t\t<\/div>\n\t\t\t\t\t<\/div>\n\t\t<\/section>\n\t\t\t\t<\/div>","protected":false},"excerpt":{"rendered":"<p>La nostra storia Noi Il nome &#8220;Propriet\u00e0&#8221; \u00e8 stato scelto con cura e racchiude in s\u00e9 la vastit\u00e0 e la diversit\u00e0 del loro portafoglio immobiliare: ogni tipologia di bene immobile da appartamenti a ville, da terreni a locali commerciali, ai fabbricati industriali.Propriet\u00e0 Immobiliare \u00e8 il partner ideale per chi desidera: \u2022 Vendere un immobile\u2022 Acquistare [&hellip;]<\/p>\n","protected":false},"author":1,"featured_media":0,"parent":0,"menu_order":0,"comment_status":"closed","ping_status":"closed","template":"elementor_header_footer","meta":{"footnotes":""},"class_list":["post-46368","page","type-page","status-publish","hentry"],"aioseo_notices":[],"_links":{"self":[{"href":"https:\/\/proprieta-immobiliare.com\/fr\/wp-json\/wp\/v2\/pages\/46368","targetHints":{"allow":["GET"]}}],"collection":[{"href":"https:\/\/proprieta-immobiliare.com\/fr\/wp-json\/wp\/v2\/pages"}],"about":[{"href":"https:\/\/proprieta-immobiliare.com\/fr\/wp-json\/wp\/v2\/types\/page"}],"author":[{"embeddable":true,"href":"https:\/\/proprieta-immobiliare.com\/fr\/wp-json\/wp\/v2\/users\/1"}],"replies":[{"embeddable":true,"href":"https:\/\/proprieta-immobiliare.com\/fr\/wp-json\/wp\/v2\/comments?post=46368"}],"version-history":[{"count":11,"href":"https:\/\/proprieta-immobiliare.com\/fr\/wp-json\/wp\/v2\/pages\/46368\/revisions"}],"predecessor-version":[{"id":47891,"href":"https:\/\/proprieta-immobiliare.com\/fr\/wp-json\/wp\/v2\/pages\/46368\/revisions\/47891"}],"wp:attachment":[{"href":"https:\/\/proprieta-immobiliare.com\/fr\/wp-json\/wp\/v2\/media?parent=46368"}],"curies":[{"name":"wp","href":"https:\/\/api.w.org\/{rel}","templated":true}]}}